{"id":3122,"date":"2022-10-18T09:14:53","date_gmt":"2022-10-18T09:14:53","guid":{"rendered":"https:\/\/greenvalleys.eu\/privatlivspolitik\/"},"modified":"2025-03-19T17:23:23","modified_gmt":"2025-03-19T17:23:23","slug":"privatlivspolitik","status":"publish","type":"page","link":"https:\/\/greenvalleys.eu\/da\/privatlivspolitik\/","title":{"rendered":"Privatlivspolitik"},"content":{"rendered":"&#13;\n<h1 class=\"wp-block-heading\">Privatlivspolitik<\/h1>&#13;\n&#13;\n<h4 class=\"wp-block-heading\">\u00a0<\/h4>&#13;\n<h4>Hvem vi er<\/h4>&#13;\n&#13;\n<p>Vores webadresse er: https:\/\/greenvalleys.eu.<\/p>&#13;\n&#13;\n<h4 class=\"wp-block-heading\">Kommentarer<\/h4>&#13;\n&#13;\n<p>N\u00e5r bes\u00f8gende efterlader kommentarer p\u00e5 siden, indsamler vi de data, der vises i kommentarfeltet, samt den bes\u00f8gendes IP-adresse og browserens brugeragentstreng for at hj\u00e6lpe med at opdage spam.<\/p>&#13;\n&#13;\n<p>En anonymiseret streng, oprettet ud fra din e-mailadresse (ogs\u00e5 kaldet en hash), kan leveres til Gravatar-tjenesten for at se, om du bruger den. Gravatars privatlivspolitik er tilg\u00e6ngelig her: https:\/\/automattic.com\/privacy\/. Efter godkendelse af din kommentar vil dit profilbillede v\u00e6re offentligt synligt i forbindelse med din kommentar. <\/p>&#13;\n&#13;\n<h4 class=\"wp-block-heading\">Cookies<\/h4>&#13;\n&#13;\n<p>Hvis du efterlader en kommentar p\u00e5 vores side, kan du v\u00e6lge at gemme dit navn, din e-mailadresse og din webadresse i cookies. Dette er for din bekvemmelighed, s\u00e5 du ikke beh\u00f8ver at udfylde dine oplysninger igen, n\u00e6ste gang du skriver en kommentar. Disse cookies varer i et \u00e5r.  <\/p>&#13;\n&#13;\n<p>Hvis du bes\u00f8ger vores login-side, vil vi oprette en midlertidig cookie for at afg\u00f8re, om din browser accepterer cookies. Denne cookie indeholder ingen personlige data og slettes, n\u00e5r du lukker din browser. <\/p>&#13;\n&#13;\n<p>Vi anvender Google Analytics, som bruger en r\u00e6kke cookies til at indsamle information og rapportere statistik om brugen af hjemmesiden uden at identificere individuelle bes\u00f8gende over for Google.<\/p>&#13;\n&#13;\n<h4 class=\"wp-block-heading\">Indlejret indhold fra andre websteder<\/h4>&#13;\n&#13;\n<p>Artikler p\u00e5 denne side kan indeholde indlejret indhold (f.eks. videoer, billeder, artikler osv.). Indlejret indhold fra andre websteder opf\u00f8rer sig p\u00e5 samme m\u00e5de, som hvis du havde bes\u00f8gt det p\u00e5g\u00e6ldende websted. <\/p>&#13;\n&#13;\n<p>Disse websteder kan indsamle data om dig, bruge cookies, indlejre yderligere tredjepartssporing og overv\u00e5ge din interaktion med det indlejrede indhold, inklusive sporing af din interaktion, hvis du har en konto og er logget ind p\u00e5 det p\u00e5g\u00e6ldende websted.<\/p>&#13;\n&#13;\n<h4 class=\"wp-block-heading\">Hvor l\u00e6nge vi opbevarer dine data<\/h4>&#13;\n&#13;\n<p>Hvis du efterlader en kommentar, bevares kommentaren og dens metadata p\u00e5 ubestemt tid. Dette g\u00f8r det muligt for os automatisk at genkende og godkende opf\u00f8lgende kommentarer i stedet for at holde dem i en moderationsk\u00f8. <\/p>&#13;\n&#13;\n<h4 class=\"wp-block-heading\">Hvilke rettigheder du har over dine data<\/h4>&#13;\n&#13;\n<p>Hvis du har efterladt kommentarer, kan du anmode om at modtage en eksportfil med de personlige data, vi har om dig, inklusive alle data, du har givet os. Du kan ogs\u00e5 anmode om, at vi sletter eventuelle personlige data, vi har om dig. Dette omfatter dog ikke data, vi er forpligtede til at opbevare af administrative, juridiske eller sikkerhedsm\u00e6ssige \u00e5rsager.  <\/p>&#13;\n&#13;\n<h4 class=\"wp-block-heading\">Hvor dine data sendes<\/h4>&#13;\n&#13;\n<p>Bes\u00f8gendes kommentarer kan blive kontrolleret gennem en automatiseret spam-detektionstjeneste.<\/p>&#13;\n","protected":false},"excerpt":{"rendered":"<p>&#13; Privatlivspolitik &#13; &#13; \u00a0 &#13; Hvem vi er &#13; &#13; Vores webadresse er: https:\/\/greenvalleys.eu. &#13; &#13; Kommentarer &#13; &#13; N\u00e5r bes\u00f8gende efterlader kommentarer p\u00e5  [&#8230;]<\/p>\n","protected":false},"author":1,"featured_media":0,"parent":0,"menu_order":0,"comment_status":"closed","ping_status":"open","template":"","meta":{"footnotes":""},"class_list":["post-3122","page","type-page","status-publish","hentry"],"yoast_head":"<!-- This site is optimized with the Yoast SEO plugin v27.4 - https:\/\/yoast.com\/product\/yoast-seo-wordpress\/ -->\n<title>Privatlivspolitik - Green Valleys<\/title>\n<meta name=\"robots\" content=\"index, follow, max-snippet:-1, max-image-preview:large, max-video-preview:-1\" \/>\n<link rel=\"canonical\" href=\"https:\/\/greenvalleys.eu\/da\/privatlivspolitik\/\" \/>\n<meta property=\"og:locale\" content=\"da_DK\" \/>\n<meta property=\"og:type\" content=\"article\" \/>\n<meta property=\"og:title\" content=\"Privatlivspolitik - Green Valleys\" \/>\n<meta property=\"og:description\" content=\"&#013; Privatlivspolitik &#013; &#013; \u00a0 &#013; Hvem vi er &#013; &#013; Vores webadresse er: https:\/\/greenvalleys.eu. &#013; &#013; Kommentarer &#013; &#013; N\u00e5r bes\u00f8gende efterlader kommentarer p\u00e5 [...]\" \/>\n<meta property=\"og:url\" content=\"https:\/\/greenvalleys.eu\/da\/privatlivspolitik\/\" \/>\n<meta property=\"og:site_name\" content=\"Green Valleys\" \/>\n<meta property=\"article:modified_time\" content=\"2025-03-19T17:23:23+00:00\" \/>\n<meta name=\"twitter:card\" content=\"summary_large_image\" \/>\n<meta name=\"twitter:label1\" content=\"Estimeret l\u00e6setid\" \/>\n\t<meta name=\"twitter:data1\" content=\"2 minutter\" \/>\n<script type=\"application\/ld+json\" class=\"yoast-schema-graph\">{\"@context\":\"https:\\\/\\\/schema.org\",\"@graph\":[{\"@type\":\"WebPage\",\"@id\":\"https:\\\/\\\/greenvalleys.eu\\\/da\\\/privatlivspolitik\\\/\",\"url\":\"https:\\\/\\\/greenvalleys.eu\\\/da\\\/privatlivspolitik\\\/\",\"name\":\"Privatlivspolitik - Green Valleys\",\"isPartOf\":{\"@id\":\"https:\\\/\\\/greenvalleys.eu\\\/#website\"},\"datePublished\":\"2022-10-18T09:14:53+00:00\",\"dateModified\":\"2025-03-19T17:23:23+00:00\",\"breadcrumb\":{\"@id\":\"https:\\\/\\\/greenvalleys.eu\\\/da\\\/privatlivspolitik\\\/#breadcrumb\"},\"inLanguage\":\"da-DK\",\"potentialAction\":[{\"@type\":\"ReadAction\",\"target\":[\"https:\\\/\\\/greenvalleys.eu\\\/da\\\/privatlivspolitik\\\/\"]}]},{\"@type\":\"BreadcrumbList\",\"@id\":\"https:\\\/\\\/greenvalleys.eu\\\/da\\\/privatlivspolitik\\\/#breadcrumb\",\"itemListElement\":[{\"@type\":\"ListItem\",\"position\":1,\"name\":\"Home\",\"item\":\"https:\\\/\\\/greenvalleys.eu\\\/da\\\/starte\\\/\"},{\"@type\":\"ListItem\",\"position\":2,\"name\":\"Privatlivspolitik\"}]},{\"@type\":\"WebSite\",\"@id\":\"https:\\\/\\\/greenvalleys.eu\\\/#website\",\"url\":\"https:\\\/\\\/greenvalleys.eu\\\/\",\"name\":\"Green Valleys\",\"description\":\"We create value circles in agriculture\",\"publisher\":{\"@id\":\"https:\\\/\\\/greenvalleys.eu\\\/#organization\"},\"potentialAction\":[{\"@type\":\"SearchAction\",\"target\":{\"@type\":\"EntryPoint\",\"urlTemplate\":\"https:\\\/\\\/greenvalleys.eu\\\/?s={search_term_string}\"},\"query-input\":{\"@type\":\"PropertyValueSpecification\",\"valueRequired\":true,\"valueName\":\"search_term_string\"}}],\"inLanguage\":\"da-DK\"},{\"@type\":\"Organization\",\"@id\":\"https:\\\/\\\/greenvalleys.eu\\\/#organization\",\"name\":\"Green Valleys\",\"alternateName\":\"Green Valleys\",\"url\":\"https:\\\/\\\/greenvalleys.eu\\\/\",\"logo\":{\"@type\":\"ImageObject\",\"inLanguage\":\"da-DK\",\"@id\":\"https:\\\/\\\/greenvalleys.eu\\\/#\\\/schema\\\/logo\\\/image\\\/\",\"url\":\"https:\\\/\\\/greenvalleys.eu\\\/wp-content\\\/uploads\\\/2023\\\/01\\\/green-valleys_logotype_new.png\",\"contentUrl\":\"https:\\\/\\\/greenvalleys.eu\\\/wp-content\\\/uploads\\\/2023\\\/01\\\/green-valleys_logotype_new.png\",\"width\":316,\"height\":130,\"caption\":\"Green Valleys\"},\"image\":{\"@id\":\"https:\\\/\\\/greenvalleys.eu\\\/#\\\/schema\\\/logo\\\/image\\\/\"}}]}<\/script>\n<!-- \/ Yoast SEO plugin. -->","yoast_head_json":{"title":"Privatlivspolitik - Green Valleys","robots":{"index":"index","follow":"follow","max-snippet":"max-snippet:-1","max-image-preview":"max-image-preview:large","max-video-preview":"max-video-preview:-1"},"canonical":"https:\/\/greenvalleys.eu\/da\/privatlivspolitik\/","og_locale":"da_DK","og_type":"article","og_title":"Privatlivspolitik - Green Valleys","og_description":"&#13; Privatlivspolitik &#13; &#13; \u00a0 &#13; Hvem vi er &#13; &#13; Vores webadresse er: https:\/\/greenvalleys.eu. &#13; &#13; Kommentarer &#13; &#13; N\u00e5r bes\u00f8gende efterlader kommentarer p\u00e5 [...]","og_url":"https:\/\/greenvalleys.eu\/da\/privatlivspolitik\/","og_site_name":"Green Valleys","article_modified_time":"2025-03-19T17:23:23+00:00","twitter_card":"summary_large_image","twitter_misc":{"Estimeret l\u00e6setid":"2 minutter"},"schema":{"@context":"https:\/\/schema.org","@graph":[{"@type":"WebPage","@id":"https:\/\/greenvalleys.eu\/da\/privatlivspolitik\/","url":"https:\/\/greenvalleys.eu\/da\/privatlivspolitik\/","name":"Privatlivspolitik - Green Valleys","isPartOf":{"@id":"https:\/\/greenvalleys.eu\/#website"},"datePublished":"2022-10-18T09:14:53+00:00","dateModified":"2025-03-19T17:23:23+00:00","breadcrumb":{"@id":"https:\/\/greenvalleys.eu\/da\/privatlivspolitik\/#breadcrumb"},"inLanguage":"da-DK","potentialAction":[{"@type":"ReadAction","target":["https:\/\/greenvalleys.eu\/da\/privatlivspolitik\/"]}]},{"@type":"BreadcrumbList","@id":"https:\/\/greenvalleys.eu\/da\/privatlivspolitik\/#breadcrumb","itemListElement":[{"@type":"ListItem","position":1,"name":"Home","item":"https:\/\/greenvalleys.eu\/da\/starte\/"},{"@type":"ListItem","position":2,"name":"Privatlivspolitik"}]},{"@type":"WebSite","@id":"https:\/\/greenvalleys.eu\/#website","url":"https:\/\/greenvalleys.eu\/","name":"Green Valleys","description":"We create value circles in agriculture","publisher":{"@id":"https:\/\/greenvalleys.eu\/#organization"},"potentialAction":[{"@type":"SearchAction","target":{"@type":"EntryPoint","urlTemplate":"https:\/\/greenvalleys.eu\/?s={search_term_string}"},"query-input":{"@type":"PropertyValueSpecification","valueRequired":true,"valueName":"search_term_string"}}],"inLanguage":"da-DK"},{"@type":"Organization","@id":"https:\/\/greenvalleys.eu\/#organization","name":"Green Valleys","alternateName":"Green Valleys","url":"https:\/\/greenvalleys.eu\/","logo":{"@type":"ImageObject","inLanguage":"da-DK","@id":"https:\/\/greenvalleys.eu\/#\/schema\/logo\/image\/","url":"https:\/\/greenvalleys.eu\/wp-content\/uploads\/2023\/01\/green-valleys_logotype_new.png","contentUrl":"https:\/\/greenvalleys.eu\/wp-content\/uploads\/2023\/01\/green-valleys_logotype_new.png","width":316,"height":130,"caption":"Green Valleys"},"image":{"@id":"https:\/\/greenvalleys.eu\/#\/schema\/logo\/image\/"}}]}},"_links":{"self":[{"href":"https:\/\/greenvalleys.eu\/da\/wp-json\/wp\/v2\/pages\/3122","targetHints":{"allow":["GET"]}}],"collection":[{"href":"https:\/\/greenvalleys.eu\/da\/wp-json\/wp\/v2\/pages"}],"about":[{"href":"https:\/\/greenvalleys.eu\/da\/wp-json\/wp\/v2\/types\/page"}],"author":[{"embeddable":true,"href":"https:\/\/greenvalleys.eu\/da\/wp-json\/wp\/v2\/users\/1"}],"replies":[{"embeddable":true,"href":"https:\/\/greenvalleys.eu\/da\/wp-json\/wp\/v2\/comments?post=3122"}],"version-history":[{"count":1,"href":"https:\/\/greenvalleys.eu\/da\/wp-json\/wp\/v2\/pages\/3122\/revisions"}],"predecessor-version":[{"id":3124,"href":"https:\/\/greenvalleys.eu\/da\/wp-json\/wp\/v2\/pages\/3122\/revisions\/3124"}],"wp:attachment":[{"href":"https:\/\/greenvalleys.eu\/da\/wp-json\/wp\/v2\/media?parent=3122"}],"curies":[{"name":"wp","href":"https:\/\/api.w.org\/{rel}","templated":true}]}}